{"id":14,"date":"2019-08-06T12:43:23","date_gmt":"2019-08-06T12:43:23","guid":{"rendered":"https:\/\/bsgratingenev.live-website.com\/?page_id=14"},"modified":"2025-10-27T11:45:56","modified_gmt":"2025-10-27T11:45:56","slug":"breitensport","status":"publish","type":"page","link":"https:\/\/bsg-ratingen.de\/?page_id=14","title":{"rendered":"Breitensport"},"content":{"rendered":"\t\t<div data-elementor-type=\"wp-post\" data-elementor-id=\"14\" class=\"elementor elementor-14\" data-elementor-post-type=\"page\">\n\t\t\t\t\t\t<section class=\"elementor-section elementor-top-section elementor-element elementor-element-8a856d1 elementor-section-boxed elementor-section-height-default elementor-section-height-default\" data-id=\"8a856d1\" data-element_type=\"section\" data-e-type=\"section\" data-settings=\"{&quot;background_background&quot;:&quot;classic&quot;}\">\n\t\t\t\t\t\t<div class=\"elementor-container elementor-column-gap-default\">\n\t\t\t\t\t<div class=\"elementor-column elementor-col-100 elementor-top-column elementor-element elementor-element-2a29d74\" data-id=\"2a29d74\" data-element_type=\"column\" data-e-type=\"column\">\n\t\t\t<div class=\"elementor-widget-wrap elementor-element-populated\">\n\t\t\t\t\t\t<div class=\"elementor-element elementor-element-a332aa0 elementor-widget elementor-widget-heading\" data-id=\"a332aa0\" data-element_type=\"widget\" data-e-type=\"widget\" data-widget_type=\"heading.default\">\n\t\t\t\t<div class=\"elementor-widget-container\">\n\t\t\t\t\t<h2 class=\"elementor-heading-title elementor-size-default\">BREITENSPORT\n<\/h2>\t\t\t\t<\/div>\n\t\t\t\t<\/div>\n\t\t\t\t\t<\/div>\n\t\t<\/div>\n\t\t\t\t\t<\/div>\n\t\t<\/section>\n\t\t\t\t<section class=\"elementor-section elementor-top-section elementor-element elementor-element-a1e5367 elementor-section-boxed elementor-section-height-default elementor-section-height-default\" data-id=\"a1e5367\" data-element_type=\"section\" data-e-type=\"section\">\n\t\t\t\t\t\t<div class=\"elementor-container elementor-column-gap-default\">\n\t\t\t\t\t<div class=\"elementor-column elementor-col-100 elementor-top-column elementor-element elementor-element-5fefd7f\" data-id=\"5fefd7f\" data-element_type=\"column\" data-e-type=\"column\">\n\t\t\t<div class=\"elementor-widget-wrap elementor-element-populated\">\n\t\t\t\t\t\t<div class=\"elementor-element elementor-element-72e0e6e elementor-align-center elementor-widget elementor-widget-button\" data-id=\"72e0e6e\" data-element_type=\"widget\" data-e-type=\"widget\" data-widget_type=\"button.default\">\n\t\t\t\t<div class=\"elementor-widget-container\">\n\t\t\t\t\t\t\t\t\t<div class=\"elementor-button-wrapper\">\n\t\t\t\t\t<a class=\"elementor-button elementor-button-link elementor-size-sm\" href=\"https:\/\/bsg-ratingen.de\/wp-content\/uploads\/2025\/10\/BSG-Sportangebot-10_25.pdf\" target=\"_blank\">\n\t\t\t\t\t\t<span class=\"elementor-button-content-wrapper\">\n\t\t\t\t\t\t\t\t\t<span class=\"elementor-button-text\">Unser Sportprogramm im \u00dcberblick!<\/span>\n\t\t\t\t\t<\/span>\n\t\t\t\t\t<\/a>\n\t\t\t\t<\/div>\n\t\t\t\t\t\t\t\t<\/div>\n\t\t\t\t<\/div>\n\t\t\t\t<div class=\"elementor-element elementor-element-fc442b3 elementor-widget elementor-widget-text-editor\" data-id=\"fc442b3\" data-element_type=\"widget\" data-e-type=\"widget\" data-widget_type=\"text-editor.default\">\n\t\t\t\t<div class=\"elementor-widget-container\">\n\t\t\t\t\t\t\t\t\t<h2><span style=\"text-decoration: underline; color: #333399;\"><strong>BASKETBALL:<\/strong><\/span><\/h2>\n<h4><span style=\"color: #333399;\">Gespielt wird mittwochs ab 19:30 Uhr in der Halle Graf-Adolf-Str. 7-9.&nbsp;<\/span><\/h4>\n<h4><span style=\"color: #333399;\">Wir suchen Verst\u00e4rkung und w\u00fcrden uns \u00fcber neue Mitspieler sehr freuen. <\/span><span style=\"color: #333399;\">F\u00fcr aktuell 7,50 EUR im Monat kann hier w\u00f6chentlich gespielt werden. W<\/span><span style=\"color: #333399;\">eitere Informationen gibt es von Bernd Jeuken, Mobil-Nr. 0173-5345539.<\/span><\/h4>\t\t\t\t\t\t\t\t<\/div>\n\t\t\t\t<\/div>\n\t\t\t\t<div class=\"elementor-element elementor-element-d246d6a elementor-widget elementor-widget-text-editor\" data-id=\"d246d6a\" data-element_type=\"widget\" data-e-type=\"widget\" data-widget_type=\"text-editor.default\">\n\t\t\t\t<div class=\"elementor-widget-container\">\n\t\t\t\t\t\t\t\t\t<h2><span style=\"text-decoration: underline; color: #333399;\"><strong>VOLLEYBALL:<\/strong><\/span><\/h2><h4><span style=\"color: #333399;\">Gespielt wird freitags ab 20:00 Uhr in der Bewegungshalle Fr\u00f6belweg (Albert-Schweitzer-Schule).\u00a0<\/span><\/h4><h4><span style=\"color: #333399;\">Wir suchen Verst\u00e4rkung und w\u00fcrden uns \u00fcber neue Mitspieler sehr freuen. <\/span><span style=\"color: #333399;\">F\u00fcr aktuell 7,50 EUR im Monat kann hier w\u00f6chentlich gespielt werden. W<\/span><span style=\"color: #333399;\">eitere Informationen gibt es von Stefan Weber, Mobil-Nr. 0179-5902305.<\/span><\/h4>\t\t\t\t\t\t\t\t<\/div>\n\t\t\t\t<\/div>\n\t\t\t\t\t<\/div>\n\t\t<\/div>\n\t\t\t\t\t<\/div>\n\t\t<\/section>\n\t\t\t\t<section class=\"elementor-section elementor-top-section elementor-element elementor-element-8a7ecf4 elementor-section-boxed elementor-section-height-default elementor-section-height-default\" data-id=\"8a7ecf4\" data-element_type=\"section\" data-e-type=\"section\">\n\t\t\t\t\t\t<div class=\"elementor-container elementor-column-gap-default\">\n\t\t\t\t\t<div class=\"elementor-column elementor-col-50 elementor-top-column elementor-element elementor-element-d4d3d22\" data-id=\"d4d3d22\" data-element_type=\"column\" data-e-type=\"column\" data-settings=\"{&quot;background_background&quot;:&quot;classic&quot;}\">\n\t\t\t<div class=\"elementor-widget-wrap elementor-element-populated\">\n\t\t\t\t\t\t<div class=\"elementor-element elementor-element-3448196 elementor-widget elementor-widget-text-editor\" data-id=\"3448196\" data-element_type=\"widget\" data-e-type=\"widget\" data-widget_type=\"text-editor.default\">\n\t\t\t\t<div class=\"elementor-widget-container\">\n\t\t\t\t\t\t\t\t\t<p><span style=\"color: #333399;\">Nutzen Sie unser vielf\u00e4ltiges Sportprogramm in den Turnhallen, im Freien oder im Schwimmbad. Hier bieten wir Ihnen f\u00fcr jede Altersklasse und jeden Fitnessgrad eine gro\u00dfe Auswahl an Sportarten.<\/span><\/p><p><span style=\"color: #333399;\">Ihr Anmeldeformular finden Sie jetzt <span style=\"text-decoration: underline;\"><span style=\"color: #ff6600;\"><a style=\"color: #ff6600; text-decoration: underline;\" href=\"https:\/\/bsg-ratingen.de\/wp-content\/uploads\/2021\/01\/Aufnahmeantrag_BSG_ausfuellbar_.xlsx\">ONLINE!\u00a0<\/a><\/span><\/span><\/span><\/p>\t\t\t\t\t\t\t\t<\/div>\n\t\t\t\t<\/div>\n\t\t\t\t\t<\/div>\n\t\t<\/div>\n\t\t\t\t<div class=\"elementor-column elementor-col-50 elementor-top-column elementor-element elementor-element-fd4ec0f\" data-id=\"fd4ec0f\" data-element_type=\"column\" data-e-type=\"column\" data-settings=\"{&quot;background_background&quot;:&quot;classic&quot;}\">\n\t\t\t<div class=\"elementor-widget-wrap elementor-element-populated\">\n\t\t\t\t\t\t<div class=\"elementor-element elementor-element-a965a1b elementor-widget elementor-widget-spacer\" data-id=\"a965a1b\" data-element_type=\"widget\" data-e-type=\"widget\" data-widget_type=\"spacer.default\">\n\t\t\t\t<div class=\"elementor-widget-container\">\n\t\t\t\t\t\t\t<div class=\"elementor-spacer\">\n\t\t\t<div class=\"elementor-spacer-inner\"><\/div>\n\t\t<\/div>\n\t\t\t\t\t\t<\/div>\n\t\t\t\t<\/div>\n\t\t\t\t\t<\/div>\n\t\t<\/div>\n\t\t\t\t\t<\/div>\n\t\t<\/section>\n\t\t\t\t<section class=\"elementor-section elementor-top-section elementor-element elementor-element-ed82c62 elementor-section-boxed elementor-section-height-default elementor-section-height-default\" data-id=\"ed82c62\" data-element_type=\"section\" data-e-type=\"section\">\n\t\t\t\t\t\t<div class=\"elementor-container elementor-column-gap-wide\">\n\t\t\t\t\t<div class=\"elementor-column elementor-col-50 elementor-top-column elementor-element elementor-element-58e3829\" data-id=\"58e3829\" data-element_type=\"column\" data-e-type=\"column\">\n\t\t\t<div class=\"elementor-widget-wrap elementor-element-populated\">\n\t\t\t\t\t\t<div class=\"elementor-element elementor-element-63e0bba elementor-widget elementor-widget-heading\" data-id=\"63e0bba\" data-element_type=\"widget\" data-e-type=\"widget\" data-widget_type=\"heading.default\">\n\t\t\t\t<div class=\"elementor-widget-container\">\n\t\t\t\t\t<h3 class=\"elementor-heading-title elementor-size-default\">Aqual\u00e4ufer<\/h3>\t\t\t\t<\/div>\n\t\t\t\t<\/div>\n\t\t\t\t<div class=\"elementor-element elementor-element-a1e2be5 elementor-widget elementor-widget-text-editor\" data-id=\"a1e2be5\" data-element_type=\"widget\" data-e-type=\"widget\" data-widget_type=\"text-editor.default\">\n\t\t\t\t<div class=\"elementor-widget-container\">\n\t\t\t\t\t\t\t\t\t<p>\n<table id=\"tablepress-19\" class=\"tablepress tablepress-id-19\">\n<thead>\n<tr class=\"row-1\">\n\t<th class=\"column-1\">Wochentag<\/th><th class=\"column-2\">Uhrzeit<\/th><th class=\"column-3\">Sportst\u00e4tte<\/th>\n<\/tr>\n<\/thead>\n<tbody class=\"row-striping row-hover\">\n<tr class=\"row-2\">\n\t<td class=\"column-1\">Donnerstag<\/td><td class=\"column-2\">07:00 &#8211; 08:00<\/td><td class=\"column-3\">Angerbad<\/td>\n<\/tr>\n<\/tbody>\n<\/table>\n<!-- #tablepress-19 from cache --><\/p>\t\t\t\t\t\t\t\t<\/div>\n\t\t\t\t<\/div>\n\t\t\t\t<div class=\"elementor-element elementor-element-5e02bf9 elementor-widget elementor-widget-heading\" data-id=\"5e02bf9\" data-element_type=\"widget\" data-e-type=\"widget\" data-widget_type=\"heading.default\">\n\t\t\t\t<div class=\"elementor-widget-container\">\n\t\t\t\t\t<h3 class=\"elementor-heading-title elementor-size-default\">Ballspiele<\/h3>\t\t\t\t<\/div>\n\t\t\t\t<\/div>\n\t\t\t\t<div class=\"elementor-element elementor-element-fb47ebc elementor-widget elementor-widget-text-editor\" data-id=\"fb47ebc\" data-element_type=\"widget\" data-e-type=\"widget\" data-widget_type=\"text-editor.default\">\n\t\t\t\t<div class=\"elementor-widget-container\">\n\t\t\t\t\t\t\t\t\t<p>\n<table id=\"tablepress-2\" class=\"tablepress tablepress-id-2\">\n<thead>\n<tr class=\"row-1\">\n\t<th class=\"column-1\">Wochentag<\/th><th class=\"column-2\">Uhrzeit<\/th><th class=\"column-3\">Sportst\u00e4tte<\/th>\n<\/tr>\n<\/thead>\n<tbody class=\"row-striping row-hover\">\n<tr class=\"row-2\">\n\t<td class=\"column-1\">Montag<\/td><td class=\"column-2\">20:00-22:00<br \/>\n(Fu\u00dfball)<\/td><td class=\"column-3\">Halle Erfurter Str.<\/td>\n<\/tr>\n<tr class=\"row-3\">\n\t<td class=\"column-1\">Mittwoch<\/td><td class=\"column-2\">19:30-22:00<br \/>\n(Basketball)<\/td><td class=\"column-3\">Halle Graf-Adolf-Str.<\/td>\n<\/tr>\n<tr class=\"row-4\">\n\t<td class=\"column-1\">Freitag<\/td><td class=\"column-2\">20:00-22:00<br \/>\n(Volleyball)<\/td><td class=\"column-3\">Bewegungshalle Fr\u00f6belweg<\/td>\n<\/tr>\n<\/tbody>\n<\/table>\n<!-- #tablepress-2 from cache --><\/p>\t\t\t\t\t\t\t\t<\/div>\n\t\t\t\t<\/div>\n\t\t\t\t<div class=\"elementor-element elementor-element-acf54e3 elementor-widget elementor-widget-heading\" data-id=\"acf54e3\" data-element_type=\"widget\" data-e-type=\"widget\" data-widget_type=\"heading.default\">\n\t\t\t\t<div class=\"elementor-widget-container\">\n\t\t\t\t\t<h3 class=\"elementor-heading-title elementor-size-default\">Bosseln<\/h3>\t\t\t\t<\/div>\n\t\t\t\t<\/div>\n\t\t\t\t<div class=\"elementor-element elementor-element-6d2a194 elementor-widget elementor-widget-text-editor\" data-id=\"6d2a194\" data-element_type=\"widget\" data-e-type=\"widget\" data-widget_type=\"text-editor.default\">\n\t\t\t\t<div class=\"elementor-widget-container\">\n\t\t\t\t\t\t\t\t\t<p>Eisstockschie\u00dfen in einer Sporthalle.<\/p>\t\t\t\t\t\t\t\t<\/div>\n\t\t\t\t<\/div>\n\t\t\t\t<div class=\"elementor-element elementor-element-15b5da4 elementor-widget elementor-widget-text-editor\" data-id=\"15b5da4\" data-element_type=\"widget\" data-e-type=\"widget\" data-widget_type=\"text-editor.default\">\n\t\t\t\t<div class=\"elementor-widget-container\">\n\t\t\t\t\t\t\t\t\t<p>\n<table id=\"tablepress-3\" class=\"tablepress tablepress-id-3\">\n<thead>\n<tr class=\"row-1\">\n\t<th class=\"column-1\">Wochentag<\/th><th class=\"column-2\">Uhrzeit<\/th><th class=\"column-3\">Sportst\u00e4tte<\/th>\n<\/tr>\n<\/thead>\n<tbody class=\"row-striping row-hover\">\n<tr class=\"row-2\">\n\t<td class=\"column-1\">Dienstag<\/td><td class=\"column-2\">20:00-22:00<\/td><td class=\"column-3\">Halle Graf-Adolf-Str.<\/td>\n<\/tr>\n<tr class=\"row-3\">\n\t<td class=\"column-1\">Freitag<\/td><td class=\"column-2\">12:00-13:30<\/td><td class=\"column-3\">Halle Graf-Adolf-Str.<\/td>\n<\/tr>\n<\/tbody>\n<\/table>\n<!-- #tablepress-3 from cache --><\/p>\t\t\t\t\t\t\t\t<\/div>\n\t\t\t\t<\/div>\n\t\t\t\t<div class=\"elementor-element elementor-element-191d2e4 elementor-widget elementor-widget-heading\" data-id=\"191d2e4\" data-element_type=\"widget\" data-e-type=\"widget\" data-widget_type=\"heading.default\">\n\t\t\t\t<div class=\"elementor-widget-container\">\n\t\t\t\t\t<h3 class=\"elementor-heading-title elementor-size-default\">Kegeln<\/h3>\t\t\t\t<\/div>\n\t\t\t\t<\/div>\n\t\t\t\t<div class=\"elementor-element elementor-element-08874e5 elementor-widget elementor-widget-text-editor\" data-id=\"08874e5\" data-element_type=\"widget\" data-e-type=\"widget\" data-widget_type=\"text-editor.default\">\n\t\t\t\t<div class=\"elementor-widget-container\">\n\t\t\t\t\t\t\t\t\t<p>Kegelspiele auf 4 Kegelbahnen in geselliger Runde.<\/p>\t\t\t\t\t\t\t\t<\/div>\n\t\t\t\t<\/div>\n\t\t\t\t<div class=\"elementor-element elementor-element-26e15c0 elementor-widget elementor-widget-text-editor\" data-id=\"26e15c0\" data-element_type=\"widget\" data-e-type=\"widget\" data-widget_type=\"text-editor.default\">\n\t\t\t\t<div class=\"elementor-widget-container\">\n\t\t\t\t\t\t\t\t\t<p>\n<table id=\"tablepress-5\" class=\"tablepress tablepress-id-5\">\n<thead>\n<tr class=\"row-1\">\n\t<th class=\"column-1\">Wochentag<\/th><th class=\"column-2\">Uhrzeit<\/th><th class=\"column-3\">Sportst\u00e4tte<\/th>\n<\/tr>\n<\/thead>\n<tbody class=\"row-striping row-hover\">\n<tr class=\"row-2\">\n\t<td class=\"column-1\">Mittwoch<\/td><td class=\"column-2\">19:30-21:30<\/td><td class=\"column-3\">Kegelbahn Stadthalle<\/td>\n<\/tr>\n<\/tbody>\n<\/table>\n<!-- #tablepress-5 from cache --><\/p>\t\t\t\t\t\t\t\t<\/div>\n\t\t\t\t<\/div>\n\t\t\t\t\t<\/div>\n\t\t<\/div>\n\t\t\t\t<div class=\"elementor-column elementor-col-50 elementor-top-column elementor-element elementor-element-a25227e\" data-id=\"a25227e\" data-element_type=\"column\" data-e-type=\"column\">\n\t\t\t<div class=\"elementor-widget-wrap elementor-element-populated\">\n\t\t\t\t\t\t<div class=\"elementor-element elementor-element-37537ea elementor-widget elementor-widget-heading\" data-id=\"37537ea\" data-element_type=\"widget\" data-e-type=\"widget\" data-widget_type=\"heading.default\">\n\t\t\t\t<div class=\"elementor-widget-container\">\n\t\t\t\t\t<h3 class=\"elementor-heading-title elementor-size-default\">Walking \/ Nordic Walking<\/h3>\t\t\t\t<\/div>\n\t\t\t\t<\/div>\n\t\t\t\t<div class=\"elementor-element elementor-element-6526689 elementor-widget elementor-widget-text-editor\" data-id=\"6526689\" data-element_type=\"widget\" data-e-type=\"widget\" data-widget_type=\"text-editor.default\">\n\t\t\t\t<div class=\"elementor-widget-container\">\n\t\t\t\t\t\t\t\t\t<p>\n<table id=\"tablepress-6\" class=\"tablepress tablepress-id-6\">\n<thead>\n<tr class=\"row-1\">\n\t<th class=\"column-1\">Wochentag<\/th><th class=\"column-2\">Uhrzeit<\/th><th class=\"column-3\">Sportst\u00e4tte<\/th>\n<\/tr>\n<\/thead>\n<tbody class=\"row-striping row-hover\">\n<tr class=\"row-2\">\n\t<td class=\"column-1\">Dienstag<\/td><td class=\"column-2\">17:30-18:30<\/td><td class=\"column-3\">Stadion Ratingen Mitte<\/td>\n<\/tr>\n<\/tbody>\n<\/table>\n<!-- #tablepress-6 from cache --><\/p>\t\t\t\t\t\t\t\t<\/div>\n\t\t\t\t<\/div>\n\t\t\t\t<div class=\"elementor-element elementor-element-4569c0d elementor-widget elementor-widget-heading\" data-id=\"4569c0d\" data-element_type=\"widget\" data-e-type=\"widget\" data-widget_type=\"heading.default\">\n\t\t\t\t<div class=\"elementor-widget-container\">\n\t\t\t\t\t<h3 class=\"elementor-heading-title elementor-size-default\">Faszien (n\u00e4heres siehe Rubrik \"Kurse\")<\/h3>\t\t\t\t<\/div>\n\t\t\t\t<\/div>\n\t\t\t\t<div class=\"elementor-element elementor-element-e1bba8a elementor-widget elementor-widget-text-editor\" data-id=\"e1bba8a\" data-element_type=\"widget\" data-e-type=\"widget\" data-widget_type=\"text-editor.default\">\n\t\t\t\t<div class=\"elementor-widget-container\">\n\t\t\t\t\t\t\t\t\t<p>So bleibt das Bindegewebe in Form. Elastische Faszien sind mitentscheidend f\u00fcr das Wohlbefinden.<\/p>\t\t\t\t\t\t\t\t<\/div>\n\t\t\t\t<\/div>\n\t\t\t\t<div class=\"elementor-element elementor-element-094f698 elementor-widget elementor-widget-text-editor\" data-id=\"094f698\" data-element_type=\"widget\" data-e-type=\"widget\" data-widget_type=\"text-editor.default\">\n\t\t\t\t<div class=\"elementor-widget-container\">\n\t\t\t\t\t\t\t\t\t<p>\n<table id=\"tablepress-4\" class=\"tablepress tablepress-id-4\">\n<thead>\n<tr class=\"row-1\">\n\t<th class=\"column-1\">Wochentag<\/th><th class=\"column-2\">Uhrzeit<\/th><th class=\"column-3\">Sportst\u00e4tte<\/th>\n<\/tr>\n<\/thead>\n<tbody class=\"row-striping row-hover\">\n<tr class=\"row-2\">\n\t<td class=\"column-1\">Mittwoch<\/td><td class=\"column-2\">17:30-18:15<\/td><td class=\"column-3\">Halle Graf-Adolf-Str.<\/td>\n<\/tr>\n<\/tbody>\n<\/table>\n<!-- #tablepress-4 from cache --><\/p>\t\t\t\t\t\t\t\t<\/div>\n\t\t\t\t<\/div>\n\t\t\t\t<div class=\"elementor-element elementor-element-ef24d36 elementor-widget elementor-widget-heading\" data-id=\"ef24d36\" data-element_type=\"widget\" data-e-type=\"widget\" data-widget_type=\"heading.default\">\n\t\t\t\t<div class=\"elementor-widget-container\">\n\t\t\t\t\t<h3 class=\"elementor-heading-title elementor-size-default\">Yoga (n\u00e4heres siehe Rubrik \"Kurse\")<\/h3>\t\t\t\t<\/div>\n\t\t\t\t<\/div>\n\t\t\t\t<div class=\"elementor-element elementor-element-ae87c5b elementor-widget elementor-widget-text-editor\" data-id=\"ae87c5b\" data-element_type=\"widget\" data-e-type=\"widget\" data-widget_type=\"text-editor.default\">\n\t\t\t\t<div class=\"elementor-widget-container\">\n\t\t\t\t\t\t\t\t\t<p>\n<table id=\"tablepress-9\" class=\"tablepress tablepress-id-9\">\n<thead>\n<tr class=\"row-1\">\n\t<th class=\"column-1\">Wochentag<\/th><th class=\"column-2\">Uhrzeit<\/th><th class=\"column-3\">Sportst\u00e4tte<\/th>\n<\/tr>\n<\/thead>\n<tbody class=\"row-striping row-hover\">\n<tr class=\"row-2\">\n\t<td class=\"column-1\">Mittwoch (Rehasport)<\/td><td class=\"column-2\">18:30-19:15<\/td><td class=\"column-3\">Halle Graf-Adolf-Str.<\/td>\n<\/tr>\n<tr class=\"row-3\">\n\t<td class=\"column-1\">Samstag<\/td><td class=\"column-2\">10:00-11:15<\/td><td class=\"column-3\">Halle Graf-Adolf-Str.<\/td>\n<\/tr>\n<\/tbody>\n<\/table>\n<!-- #tablepress-9 from cache --><\/p>\t\t\t\t\t\t\t\t<\/div>\n\t\t\t\t<\/div>\n\t\t\t\t<div class=\"elementor-element elementor-element-2536a9a elementor-widget elementor-widget-heading\" data-id=\"2536a9a\" data-element_type=\"widget\" data-e-type=\"widget\" data-widget_type=\"heading.default\">\n\t\t\t\t<div class=\"elementor-widget-container\">\n\t\t\t\t\t<h3 class=\"elementor-heading-title elementor-size-default\">Tischtennis<\/h3>\t\t\t\t<\/div>\n\t\t\t\t<\/div>\n\t\t\t\t<div class=\"elementor-element elementor-element-45f68d2 elementor-widget elementor-widget-text-editor\" data-id=\"45f68d2\" data-element_type=\"widget\" data-e-type=\"widget\" data-widget_type=\"text-editor.default\">\n\t\t\t\t<div class=\"elementor-widget-container\">\n\t\t\t\t\t\t\t\t\t<p>\n<table id=\"tablepress-7\" class=\"tablepress tablepress-id-7\">\n<thead>\n<tr class=\"row-1\">\n\t<th class=\"column-1\">Wochentag<\/th><th class=\"column-2\">Uhrzeit<\/th><th class=\"column-3\">Sportst\u00e4tte<\/th>\n<\/tr>\n<\/thead>\n<tbody class=\"row-striping row-hover\">\n<tr class=\"row-2\">\n\t<td class=\"column-1\">Montag<\/td><td class=\"column-2\">09:00-12:00<\/td><td class=\"column-3\">Halle Graf-Adolf-Str.<\/td>\n<\/tr>\n<tr class=\"row-3\">\n\t<td class=\"column-1\">Dienstag<\/td><td class=\"column-2\">09:00-11:30<\/td><td class=\"column-3\">Halle Graf-Adolf-Str.<\/td>\n<\/tr>\n<tr class=\"row-4\">\n\t<td class=\"column-1\">Dienstag &#8211; Rehasport!<\/td><td class=\"column-2\">11:30-13:00 Parkinsonerkrankte<\/td><td class=\"column-3\">Halle Graf-Adolf-Str.<\/td>\n<\/tr>\n<tr class=\"row-5\">\n\t<td class=\"column-1\">Mittwoch<\/td><td class=\"column-2\">13:15-15:30<\/td><td class=\"column-3\">Halle Graf-Adolf-Str.<\/td>\n<\/tr>\n<tr class=\"row-6\">\n\t<td class=\"column-1\">Freitag<\/td><td class=\"column-2\">13:30-15:00<\/td><td class=\"column-3\">Halle Graf-Adolf-Str.<\/td>\n<\/tr>\n<\/tbody>\n<\/table>\n<!-- #tablepress-7 from cache --><\/p>\t\t\t\t\t\t\t\t<\/div>\n\t\t\t\t<\/div>\n\t\t\t\t\t<\/div>\n\t\t<\/div>\n\t\t\t\t\t<\/div>\n\t\t<\/section>\n\t\t\t\t<\/div>\n\t\t","protected":false},"excerpt":{"rendered":"<p>BREITENSPORT Unser Sportprogramm im \u00dcberblick! BASKETBALL: Gespielt wird mittwochs ab 19:30 Uhr in der Halle Graf-Adolf-Str. 7-9.&nbsp; Wir suchen Verst\u00e4rkung und w\u00fcrden uns \u00fcber neue Mitspieler sehr freuen. F\u00fcr aktuell 7,50 EUR im Monat kann hier w\u00f6chentlich gespielt werden. Weitere Informationen gibt es von Bernd Jeuken, Mobil-Nr. 0173-5345539. VOLLEYBALL: Gespielt wird freitags ab 20:00 Uhr [&hellip;]<\/p>\n","protected":false},"author":1,"featured_media":0,"parent":0,"menu_order":0,"comment_status":"closed","ping_status":"closed","template":"elementor_header_footer","meta":{"footnotes":""},"class_list":["post-14","page","type-page","status-publish","hentry"],"_links":{"self":[{"href":"https:\/\/bsg-ratingen.de\/index.php?rest_route=\/wp\/v2\/pages\/14","targetHints":{"allow":["GET"]}}],"collection":[{"href":"https:\/\/bsg-ratingen.de\/index.php?rest_route=\/wp\/v2\/pages"}],"about":[{"href":"https:\/\/bsg-ratingen.de\/index.php?rest_route=\/wp\/v2\/types\/page"}],"author":[{"embeddable":true,"href":"https:\/\/bsg-ratingen.de\/index.php?rest_route=\/wp\/v2\/users\/1"}],"replies":[{"embeddable":true,"href":"https:\/\/bsg-ratingen.de\/index.php?rest_route=%2Fwp%2Fv2%2Fcomments&post=14"}],"version-history":[{"count":161,"href":"https:\/\/bsg-ratingen.de\/index.php?rest_route=\/wp\/v2\/pages\/14\/revisions"}],"predecessor-version":[{"id":7979,"href":"https:\/\/bsg-ratingen.de\/index.php?rest_route=\/wp\/v2\/pages\/14\/revisions\/7979"}],"wp:attachment":[{"href":"https:\/\/bsg-ratingen.de\/index.php?rest_route=%2Fwp%2Fv2%2Fmedia&parent=14"}],"curies":[{"name":"wp","href":"https:\/\/api.w.org\/{rel}","templated":true}]}}