{"id":258,"date":"2019-08-07T09:35:46","date_gmt":"2019-08-07T09:35:46","guid":{"rendered":"https:\/\/bsgratingenev.live-website.com\/?page_id=258"},"modified":"2022-09-14T05:55:07","modified_gmt":"2022-09-14T05:55:07","slug":"impressum","status":"publish","type":"page","link":"https:\/\/bsg-ratingen.de\/?page_id=258","title":{"rendered":"Impressum"},"content":{"rendered":"\t\t<div data-elementor-type=\"wp-post\" data-elementor-id=\"258\" class=\"elementor elementor-258\" data-elementor-post-type=\"page\">\n\t\t\t\t\t\t<section class=\"elementor-section elementor-top-section elementor-element elementor-element-2da05f47 elementor-section-boxed elementor-section-height-default elementor-section-height-default\" data-id=\"2da05f47\" data-element_type=\"section\" data-e-type=\"section\" data-settings=\"{&quot;background_background&quot;:&quot;classic&quot;}\">\n\t\t\t\t\t\t<div class=\"elementor-container elementor-column-gap-default\">\n\t\t\t\t\t<div class=\"elementor-column elementor-col-100 elementor-top-column elementor-element elementor-element-4ca4297a\" data-id=\"4ca4297a\" data-element_type=\"column\" data-e-type=\"column\">\n\t\t\t<div class=\"elementor-widget-wrap elementor-element-populated\">\n\t\t\t\t\t\t<div class=\"elementor-element elementor-element-79f8f71f elementor-widget elementor-widget-heading\" data-id=\"79f8f71f\" data-element_type=\"widget\" data-e-type=\"widget\" data-widget_type=\"heading.default\">\n\t\t\t\t<div class=\"elementor-widget-container\">\n\t\t\t\t\t<h2 class=\"elementor-heading-title elementor-size-default\">IMPRESSUM<\/h2>\t\t\t\t<\/div>\n\t\t\t\t<\/div>\n\t\t\t\t\t<\/div>\n\t\t<\/div>\n\t\t\t\t\t<\/div>\n\t\t<\/section>\n\t\t\t\t<section class=\"elementor-section elementor-top-section elementor-element elementor-element-d70565d elementor-section-boxed elementor-section-height-default elementor-section-height-default\" data-id=\"d70565d\" data-element_type=\"section\" data-e-type=\"section\">\n\t\t\t\t\t\t<div class=\"elementor-container elementor-column-gap-default\">\n\t\t\t\t\t<div class=\"elementor-column elementor-col-100 elementor-top-column elementor-element elementor-element-b6511bb\" data-id=\"b6511bb\" data-element_type=\"column\" data-e-type=\"column\">\n\t\t\t<div class=\"elementor-widget-wrap elementor-element-populated\">\n\t\t\t\t\t\t<div class=\"elementor-element elementor-element-5e49f47 elementor-widget elementor-widget-text-editor\" data-id=\"5e49f47\" data-element_type=\"widget\" data-e-type=\"widget\" data-widget_type=\"text-editor.default\">\n\t\t\t\t<div class=\"elementor-widget-container\">\n\t\t\t\t\t\t\t\t\t<h4>Angaben gem\u00e4\u00df \u00a7 5 TMG:<\/h4><p>Bewegung Sport Gesundheit &#8211; BSG Ratingen e.V.<br \/>Karl-Theodor-Stra\u00dfe 16 \/ 18<br \/>40878 Ratingen<\/p><p>Telefon: 02102\/9390036<br \/>E-Mail: info@bsg-ratingen.de<\/p><p>Rechtsform: Der BSG Ratingen e.V. ist als gemeinn\u00fctziger Verein beim Amtsgericht D\u00fcsseldorf (Vereinsregister: VR 20356) eingetragen.<\/p><p><strong>Verantwortlich f\u00fcr den Inhalt nach \u00a7 55 Abs. 2 RStV:<br \/><\/strong>Thomas Angst<br \/>Karl-Theodor-Stra\u00dfe 16 \/ 18, 40878 Ratingen<\/p><p>Online-Streitbeilegung gem\u00e4\u00df Art. 14 Abs. 1 ODR-VO<br \/>Die Europ\u00e4ische Kommission stellt eine Plattform zur Online-Streitbeilegung (OS) bereit, die Sie unter https:\/\/ec.europa.eu\/consumers\/odr\/ finden. Wir sind nicht bereit und nicht verpflichtet an einem Streitbeilegungsverfahren vor einer Verbraucherschlichtungsstelle teilzunehmen.<\/p><p><strong>Bildnachweise (Fotolia\/Adobe Stock)<br \/><\/strong><span class=\"trunc-string\"><a href=\"https:\/\/de.fotolia.com\/id\/269518559\">269518559<\/a>\u00a0&#8211;\u00a0<span title=\"Aquagymnastik als Hydrotherapie in der Reha\">Aquagymnastik als Hydrotherapie in der Reha <\/span><\/span><a class=\"ftl-tooltip-title\" title=\"Sehen Sie weitere Bilder von diesem Anbieter\" href=\"https:\/\/de.fotolia.com\/p\/200576396\">\u00a9 Robert Kneschke<\/a><br \/><span class=\"trunc-string\"><a href=\"https:\/\/de.fotolia.com\/id\/254661039\">254661039<\/a>\u00a0&#8211;\u00a0<span title=\"Fu\u00dfballspieler Nahaufnahme\">Fu\u00dfballspieler Nahaufnahme <\/span><\/span><a class=\"ftl-tooltip-title\" title=\"Sehen Sie weitere Bilder von diesem Anbieter\" href=\"https:\/\/de.fotolia.com\/p\/205976592\">\u00a9 U. J. Alexander<\/a><br \/><span class=\"trunc-string\"><a href=\"https:\/\/de.fotolia.com\/id\/243290783\">243290783<\/a>\u00a0&#8211;\u00a0<span title=\"Young woman practicing yoga pose with two men on exercise mat\">Young woman practicing yoga pose with two men on exercise mat <\/span><\/span><a class=\"ftl-tooltip-title\" title=\"Sehen Sie weitere Bilder von diesem Anbieter\" href=\"https:\/\/de.fotolia.com\/p\/200443522\">\u00a9 Kzenon<\/a><br \/><span class=\"trunc-string\"><a href=\"https:\/\/de.fotolia.com\/id\/210690262\">210690262<\/a>\u00a0&#8211;\u00a0<span title=\"Group in physiotherapy using ball for gymnastics\">Group in physiotherapy using ball for gymnastics <\/span><\/span><a class=\"ftl-tooltip-title\" title=\"Sehen Sie weitere Bilder von diesem Anbieter\" href=\"https:\/\/de.fotolia.com\/p\/200443522\">\u00a9 Kzenon<\/a><br \/><span class=\"trunc-string\"><a href=\"https:\/\/de.fotolia.com\/id\/138661106\">138661106<\/a>\u00a0&#8211;\u00a0<span title=\"People exercising in pool\">People exercising in pool <\/span><\/span><a class=\"ftl-tooltip-title\" title=\"Sehen Sie weitere Bilder von diesem Anbieter\" href=\"https:\/\/de.fotolia.com\/p\/187203\">\u00a9 Rido<\/a><br \/><span class=\"trunc-string\"><a href=\"https:\/\/de.fotolia.com\/id\/116704066\">116704066<\/a>\u00a0&#8211;\u00a0<span title=\"r\u00fccken\u00fcbungen mit dem gymnastikball\">R\u00fccken\u00fcbungen mit dem gymnastikball <\/span><\/span><a class=\"ftl-tooltip-title\" title=\"Sehen Sie weitere Bilder von diesem Anbieter\" href=\"https:\/\/de.fotolia.com\/p\/202071770\">\u00a9 Racle Fotodesign<\/a><br \/><span class=\"trunc-string\"><a href=\"https:\/\/de.fotolia.com\/id\/269518559\">269518559<\/a>\u00a0&#8211;\u00a0<span title=\"Aquagymnastik als Hydrotherapie in der Reha\">Aquagymnastik als Hydrotherapie in der Reha <\/span><\/span><a class=\"ftl-tooltip-title\" title=\"Sehen Sie weitere Bilder von diesem Anbieter\" href=\"https:\/\/de.fotolia.com\/p\/200576396\">\u00a9 Robert Kneschke<\/a><br \/>Two ping pong rackets and ball on table with net von <a href=\"https:\/\/stock.adobe.com\/de\/contributor\/201587450\/nomad-soul?load_type=author&amp;prev_url=detail\">Nomad_Soul<\/a><\/p>\t\t\t\t\t\t\t\t<\/div>\n\t\t\t\t<\/div>\n\t\t\t\t\t<\/div>\n\t\t<\/div>\n\t\t\t\t\t<\/div>\n\t\t<\/section>\n\t\t\t\t<\/div>\n\t\t","protected":false},"excerpt":{"rendered":"<p>IMPRESSUM Angaben gem\u00e4\u00df \u00a7 5 TMG: Bewegung Sport Gesundheit &#8211; BSG Ratingen e.V.Karl-Theodor-Stra\u00dfe 16 \/ 1840878 Ratingen Telefon: 02102\/9390036E-Mail: info@bsg-ratingen.de Rechtsform: Der BSG Ratingen e.V. ist als gemeinn\u00fctziger Verein beim Amtsgericht D\u00fcsseldorf (Vereinsregister: VR 20356) eingetragen. Verantwortlich f\u00fcr den Inhalt nach \u00a7 55 Abs. 2 RStV:Thomas AngstKarl-Theodor-Stra\u00dfe 16 \/ 18, 40878 Ratingen Online-Streitbeilegung gem\u00e4\u00df Art. [&hellip;]<\/p>\n","protected":false},"author":1,"featured_media":0,"parent":0,"menu_order":0,"comment_status":"closed","ping_status":"closed","template":"elementor_header_footer","meta":{"footnotes":""},"class_list":["post-258","page","type-page","status-publish","hentry"],"_links":{"self":[{"href":"https:\/\/bsg-ratingen.de\/index.php?rest_route=\/wp\/v2\/pages\/258","targetHints":{"allow":["GET"]}}],"collection":[{"href":"https:\/\/bsg-ratingen.de\/index.php?rest_route=\/wp\/v2\/pages"}],"about":[{"href":"https:\/\/bsg-ratingen.de\/index.php?rest_route=\/wp\/v2\/types\/page"}],"author":[{"embeddable":true,"href":"https:\/\/bsg-ratingen.de\/index.php?rest_route=\/wp\/v2\/users\/1"}],"replies":[{"embeddable":true,"href":"https:\/\/bsg-ratingen.de\/index.php?rest_route=%2Fwp%2Fv2%2Fcomments&post=258"}],"version-history":[{"count":15,"href":"https:\/\/bsg-ratingen.de\/index.php?rest_route=\/wp\/v2\/pages\/258\/revisions"}],"predecessor-version":[{"id":5247,"href":"https:\/\/bsg-ratingen.de\/index.php?rest_route=\/wp\/v2\/pages\/258\/revisions\/5247"}],"wp:attachment":[{"href":"https:\/\/bsg-ratingen.de\/index.php?rest_route=%2Fwp%2Fv2%2Fmedia&parent=258"}],"curies":[{"name":"wp","href":"https:\/\/api.w.org\/{rel}","templated":true}]}}