{"id":3994,"date":"2021-12-30T13:22:28","date_gmt":"2021-12-30T13:22:28","guid":{"rendered":"https:\/\/bsg-ratingen.de\/?page_id=3994"},"modified":"2025-12-12T16:30:28","modified_gmt":"2025-12-12T16:30:28","slug":"yoga","status":"publish","type":"page","link":"https:\/\/bsg-ratingen.de\/?page_id=3994","title":{"rendered":"Yoga"},"content":{"rendered":"\t\t<div data-elementor-type=\"wp-page\" data-elementor-id=\"3994\" class=\"elementor elementor-3994\" data-elementor-post-type=\"page\">\n\t\t\t\t\t\t<section class=\"elementor-section elementor-top-section elementor-element elementor-element-29c2925 elementor-section-boxed elementor-section-height-default elementor-section-height-default\" data-id=\"29c2925\" data-element_type=\"section\" data-e-type=\"section\" data-settings=\"{&quot;background_background&quot;:&quot;classic&quot;}\">\n\t\t\t\t\t\t<div class=\"elementor-container elementor-column-gap-default\">\n\t\t\t\t\t<div class=\"elementor-column elementor-col-100 elementor-top-column elementor-element elementor-element-72ccb9e\" data-id=\"72ccb9e\" data-element_type=\"column\" data-e-type=\"column\">\n\t\t\t<div class=\"elementor-widget-wrap elementor-element-populated\">\n\t\t\t\t\t\t<div class=\"elementor-element elementor-element-617aa87 elementor-widget elementor-widget-heading\" data-id=\"617aa87\" data-element_type=\"widget\" data-e-type=\"widget\" data-widget_type=\"heading.default\">\n\t\t\t\t<div class=\"elementor-widget-container\">\n\t\t\t\t\t<h1 class=\"elementor-heading-title elementor-size-xxl\">Yoga - eine bewegende Reise...<\/h1>\t\t\t\t<\/div>\n\t\t\t\t<\/div>\n\t\t\t\t\t<\/div>\n\t\t<\/div>\n\t\t\t\t\t<\/div>\n\t\t<\/section>\n\t\t\t\t<section class=\"elementor-section elementor-top-section elementor-element elementor-element-d6f2da6 elementor-section-boxed elementor-section-height-default elementor-section-height-default\" data-id=\"d6f2da6\" data-element_type=\"section\" data-e-type=\"section\">\n\t\t\t\t\t\t<div class=\"elementor-container elementor-column-gap-default\">\n\t\t\t\t\t<div class=\"elementor-column elementor-col-100 elementor-top-column elementor-element elementor-element-a317a3c\" data-id=\"a317a3c\" data-element_type=\"column\" data-e-type=\"column\">\n\t\t\t<div class=\"elementor-widget-wrap elementor-element-populated\">\n\t\t\t\t\t\t<div class=\"elementor-element elementor-element-9136f1f elementor-widget elementor-widget-button\" data-id=\"9136f1f\" data-element_type=\"widget\" data-e-type=\"widget\" data-widget_type=\"button.default\">\n\t\t\t\t<div class=\"elementor-widget-container\">\n\t\t\t\t\t\t\t\t\t<div class=\"elementor-button-wrapper\">\n\t\t\t\t\t<a class=\"elementor-button elementor-button-link elementor-size-sm\" href=\"https:\/\/bsg-ratingen.de\/?page_id=12\" target=\"_blank\">\n\t\t\t\t\t\t<span class=\"elementor-button-content-wrapper\">\n\t\t\t\t\t\t\t\t\t<span class=\"elementor-button-text\">Ab 15. Oktober immer mittwochs von 18:30 - 19:15 Uhr --- Wirbels\u00e4ule trifft Yoga (auch \u00fcber Rehaverordnung m\u00f6glich). Weitere Infos bitte hier klicken!<\/span>\n\t\t\t\t\t<\/span>\n\t\t\t\t\t<\/a>\n\t\t\t\t<\/div>\n\t\t\t\t\t\t\t\t<\/div>\n\t\t\t\t<\/div>\n\t\t\t\t<div class=\"elementor-element elementor-element-61caf08 elementor-widget-divider--view-line elementor-widget elementor-widget-divider\" data-id=\"61caf08\" data-element_type=\"widget\" data-e-type=\"widget\" data-widget_type=\"divider.default\">\n\t\t\t\t<div class=\"elementor-widget-container\">\n\t\t\t\t\t\t\t<div class=\"elementor-divider\">\n\t\t\t<span class=\"elementor-divider-separator\">\n\t\t\t\t\t\t<\/span>\n\t\t<\/div>\n\t\t\t\t\t\t<\/div>\n\t\t\t\t<\/div>\n\t\t\t\t<section class=\"elementor-section elementor-inner-section elementor-element elementor-element-a5de663 elementor-section-boxed elementor-section-height-default elementor-section-height-default\" data-id=\"a5de663\" data-element_type=\"section\" data-e-type=\"section\">\n\t\t\t\t\t\t<div class=\"elementor-container elementor-column-gap-default\">\n\t\t\t\t\t<div class=\"elementor-column elementor-col-100 elementor-inner-column elementor-element elementor-element-5a85677\" data-id=\"5a85677\" data-element_type=\"column\" data-e-type=\"column\">\n\t\t\t<div class=\"elementor-widget-wrap elementor-element-populated\">\n\t\t\t\t\t\t<div class=\"elementor-element elementor-element-d37eba3 elementor-align-center elementor-widget elementor-widget-button\" data-id=\"d37eba3\" data-element_type=\"widget\" data-e-type=\"widget\" data-widget_type=\"button.default\">\n\t\t\t\t<div class=\"elementor-widget-container\">\n\t\t\t\t\t\t\t\t\t<div class=\"elementor-button-wrapper\">\n\t\t\t\t\t<a class=\"elementor-button elementor-button-link elementor-size-lg\" href=\"https:\/\/bsg-ratingen.de\/wp-content\/uploads\/2025\/12\/20260110_Yoga_1-26.pdf\" target=\"_blank\">\n\t\t\t\t\t\t<span class=\"elementor-button-content-wrapper\">\n\t\t\t\t\t\t\t\t\t<span class=\"elementor-button-text\">Zum  Anmeldeformular (pdf) hier klicken<\/span>\n\t\t\t\t\t<\/span>\n\t\t\t\t\t<\/a>\n\t\t\t\t<\/div>\n\t\t\t\t\t\t\t\t<\/div>\n\t\t\t\t<\/div>\n\t\t\t\t\t<\/div>\n\t\t<\/div>\n\t\t\t\t\t<\/div>\n\t\t<\/section>\n\t\t\t\t<div class=\"elementor-element elementor-element-0aaa31b elementor-widget elementor-widget-image\" data-id=\"0aaa31b\" data-element_type=\"widget\" data-e-type=\"widget\" data-widget_type=\"image.default\">\n\t\t\t\t<div class=\"elementor-widget-container\">\n\t\t\t\t\t\t\t\t\t\t\t\t\t\t\t<img fetchpriority=\"high\" decoding=\"async\" width=\"696\" height=\"565\" src=\"https:\/\/bsg-ratingen.de\/wp-content\/uploads\/2025\/12\/2026_1_Bild-Yoga-.png\" class=\"attachment-medium_large size-medium_large wp-image-8122\" alt=\"\" srcset=\"https:\/\/bsg-ratingen.de\/wp-content\/uploads\/2025\/12\/2026_1_Bild-Yoga-.png 696w, https:\/\/bsg-ratingen.de\/wp-content\/uploads\/2025\/12\/2026_1_Bild-Yoga--300x244.png 300w\" sizes=\"(max-width: 696px) 100vw, 696px\" \/>\t\t\t\t\t\t\t\t\t\t\t\t\t\t\t<\/div>\n\t\t\t\t<\/div>\n\t\t\t\t\t<\/div>\n\t\t<\/div>\n\t\t\t\t\t<\/div>\n\t\t<\/section>\n\t\t\t\t<section class=\"elementor-section elementor-top-section elementor-element elementor-element-9f70e82 elementor-section-boxed elementor-section-height-default elementor-section-height-default\" data-id=\"9f70e82\" data-element_type=\"section\" data-e-type=\"section\">\n\t\t\t\t\t\t<div class=\"elementor-container elementor-column-gap-default\">\n\t\t\t\t\t<div class=\"elementor-column elementor-col-100 elementor-top-column elementor-element elementor-element-fcfe4f5\" data-id=\"fcfe4f5\" data-element_type=\"column\" data-e-type=\"column\">\n\t\t\t<div class=\"elementor-widget-wrap elementor-element-populated\">\n\t\t\t\t\t\t<section class=\"elementor-section elementor-inner-section elementor-element elementor-element-5c6f7e7 elementor-section-boxed elementor-section-height-default elementor-section-height-default\" data-id=\"5c6f7e7\" data-element_type=\"section\" data-e-type=\"section\">\n\t\t\t\t\t\t<div class=\"elementor-container elementor-column-gap-default\">\n\t\t\t\t\t<div class=\"elementor-column elementor-col-50 elementor-inner-column elementor-element elementor-element-479f1fc\" data-id=\"479f1fc\" data-element_type=\"column\" data-e-type=\"column\">\n\t\t\t<div class=\"elementor-widget-wrap elementor-element-populated\">\n\t\t\t\t\t\t<div class=\"elementor-element elementor-element-e668818 elementor-widget elementor-widget-image\" data-id=\"e668818\" data-element_type=\"widget\" data-e-type=\"widget\" data-widget_type=\"image.default\">\n\t\t\t\t<div class=\"elementor-widget-container\">\n\t\t\t\t\t\t\t\t\t\t\t\t\t\t\t<img decoding=\"async\" width=\"484\" height=\"1024\" src=\"https:\/\/bsg-ratingen.de\/wp-content\/uploads\/2025\/12\/Yoga1-neu-484x1024.jpg\" class=\"attachment-large size-large wp-image-8156\" alt=\"\" srcset=\"https:\/\/bsg-ratingen.de\/wp-content\/uploads\/2025\/12\/Yoga1-neu-484x1024.jpg 484w, https:\/\/bsg-ratingen.de\/wp-content\/uploads\/2025\/12\/Yoga1-neu-142x300.jpg 142w, https:\/\/bsg-ratingen.de\/wp-content\/uploads\/2025\/12\/Yoga1-neu-768x1626.jpg 768w, https:\/\/bsg-ratingen.de\/wp-content\/uploads\/2025\/12\/Yoga1-neu-725x1536.jpg 725w, https:\/\/bsg-ratingen.de\/wp-content\/uploads\/2025\/12\/Yoga1-neu-967x2048.jpg 967w, https:\/\/bsg-ratingen.de\/wp-content\/uploads\/2025\/12\/Yoga1-neu-scaled.jpg 1209w\" sizes=\"(max-width: 484px) 100vw, 484px\" \/>\t\t\t\t\t\t\t\t\t\t\t\t\t\t\t<\/div>\n\t\t\t\t<\/div>\n\t\t\t\t\t<\/div>\n\t\t<\/div>\n\t\t\t\t<div class=\"elementor-column elementor-col-50 elementor-inner-column elementor-element elementor-element-ec384fe\" data-id=\"ec384fe\" data-element_type=\"column\" data-e-type=\"column\">\n\t\t\t<div class=\"elementor-widget-wrap elementor-element-populated\">\n\t\t\t\t\t\t<div class=\"elementor-element elementor-element-91dbbe4 elementor-widget elementor-widget-image\" data-id=\"91dbbe4\" data-element_type=\"widget\" data-e-type=\"widget\" data-widget_type=\"image.default\">\n\t\t\t\t<div class=\"elementor-widget-container\">\n\t\t\t\t\t\t\t\t\t\t\t\t\t\t\t<img decoding=\"async\" width=\"487\" height=\"1024\" src=\"https:\/\/bsg-ratingen.de\/wp-content\/uploads\/2025\/12\/Yoga2-neu-487x1024.jpg\" class=\"attachment-large size-large wp-image-8155\" alt=\"\" srcset=\"https:\/\/bsg-ratingen.de\/wp-content\/uploads\/2025\/12\/Yoga2-neu-487x1024.jpg 487w, https:\/\/bsg-ratingen.de\/wp-content\/uploads\/2025\/12\/Yoga2-neu-143x300.jpg 143w, https:\/\/bsg-ratingen.de\/wp-content\/uploads\/2025\/12\/Yoga2-neu-768x1615.jpg 768w, https:\/\/bsg-ratingen.de\/wp-content\/uploads\/2025\/12\/Yoga2-neu-730x1536.jpg 730w, https:\/\/bsg-ratingen.de\/wp-content\/uploads\/2025\/12\/Yoga2-neu-974x2048.jpg 974w, https:\/\/bsg-ratingen.de\/wp-content\/uploads\/2025\/12\/Yoga2-neu-scaled.jpg 1217w\" sizes=\"(max-width: 487px) 100vw, 487px\" \/>\t\t\t\t\t\t\t\t\t\t\t\t\t\t\t<\/div>\n\t\t\t\t<\/div>\n\t\t\t\t\t<\/div>\n\t\t<\/div>\n\t\t\t\t\t<\/div>\n\t\t<\/section>\n\t\t\t\t\t<\/div>\n\t\t<\/div>\n\t\t\t\t\t<\/div>\n\t\t<\/section>\n\t\t\t\t<\/div>\n\t\t","protected":false},"excerpt":{"rendered":"<p>Yoga &#8211; eine bewegende Reise&#8230; Ab 15. Oktober immer mittwochs von 18:30 &#8211; 19:15 Uhr &#8212; Wirbels\u00e4ule trifft Yoga (auch \u00fcber Rehaverordnung m\u00f6glich). Weitere Infos bitte hier klicken! Zum Anmeldeformular (pdf) hier klicken<\/p>\n","protected":false},"author":4,"featured_media":0,"parent":2139,"menu_order":0,"comment_status":"closed","ping_status":"closed","template":"elementor_header_footer","meta":{"footnotes":""},"class_list":["post-3994","page","type-page","status-publish","hentry"],"_links":{"self":[{"href":"https:\/\/bsg-ratingen.de\/index.php?rest_route=\/wp\/v2\/pages\/3994","targetHints":{"allow":["GET"]}}],"collection":[{"href":"https:\/\/bsg-ratingen.de\/index.php?rest_route=\/wp\/v2\/pages"}],"about":[{"href":"https:\/\/bsg-ratingen.de\/index.php?rest_route=\/wp\/v2\/types\/page"}],"author":[{"embeddable":true,"href":"https:\/\/bsg-ratingen.de\/index.php?rest_route=\/wp\/v2\/users\/4"}],"replies":[{"embeddable":true,"href":"https:\/\/bsg-ratingen.de\/index.php?rest_route=%2Fwp%2Fv2%2Fcomments&post=3994"}],"version-history":[{"count":145,"href":"https:\/\/bsg-ratingen.de\/index.php?rest_route=\/wp\/v2\/pages\/3994\/revisions"}],"predecessor-version":[{"id":8160,"href":"https:\/\/bsg-ratingen.de\/index.php?rest_route=\/wp\/v2\/pages\/3994\/revisions\/8160"}],"up":[{"embeddable":true,"href":"https:\/\/bsg-ratingen.de\/index.php?rest_route=\/wp\/v2\/pages\/2139"}],"wp:attachment":[{"href":"https:\/\/bsg-ratingen.de\/index.php?rest_route=%2Fwp%2Fv2%2Fmedia&parent=3994"}],"curies":[{"name":"wp","href":"https:\/\/api.w.org\/{rel}","templated":true}]}}