{"id":4116,"date":"2022-01-03T10:08:29","date_gmt":"2022-01-03T10:08:29","guid":{"rendered":"https:\/\/bsg-ratingen.de\/?page_id=4116"},"modified":"2022-01-12T19:30:44","modified_gmt":"2022-01-12T19:30:44","slug":"ihr-weg-zu-uns","status":"publish","type":"page","link":"https:\/\/bsg-ratingen.de\/?page_id=4116","title":{"rendered":"Ihr Weg zu uns"},"content":{"rendered":"\t\t<div data-elementor-type=\"wp-page\" data-elementor-id=\"4116\" class=\"elementor elementor-4116\" data-elementor-post-type=\"page\">\n\t\t\t\t\t\t<section class=\"elementor-section elementor-top-section elementor-element elementor-element-21ffe07 elementor-section-boxed elementor-section-height-default elementor-section-height-default\" data-id=\"21ffe07\" data-element_type=\"section\" data-e-type=\"section\" data-settings=\"{&quot;background_background&quot;:&quot;classic&quot;}\">\n\t\t\t\t\t\t<div class=\"elementor-container elementor-column-gap-default\">\n\t\t\t\t\t<div class=\"elementor-column elementor-col-100 elementor-top-column elementor-element elementor-element-1e52530\" data-id=\"1e52530\" data-element_type=\"column\" data-e-type=\"column\">\n\t\t\t<div class=\"elementor-widget-wrap elementor-element-populated\">\n\t\t\t\t\t\t<div class=\"elementor-element elementor-element-5729eed elementor-widget elementor-widget-heading\" data-id=\"5729eed\" data-element_type=\"widget\" data-e-type=\"widget\" data-widget_type=\"heading.default\">\n\t\t\t\t<div class=\"elementor-widget-container\">\n\t\t\t\t\t<h1 class=\"elementor-heading-title elementor-size-default\">Ihr Weg zu uns - ist gar nicht so schwer...<\/h1>\t\t\t\t<\/div>\n\t\t\t\t<\/div>\n\t\t\t\t\t<\/div>\n\t\t<\/div>\n\t\t\t\t\t<\/div>\n\t\t<\/section>\n\t\t\t\t<section class=\"elementor-section elementor-top-section elementor-element elementor-element-b7f889e elementor-section-boxed elementor-section-height-default elementor-section-height-default\" data-id=\"b7f889e\" data-element_type=\"section\" data-e-type=\"section\">\n\t\t\t\t\t\t<div class=\"elementor-container elementor-column-gap-default\">\n\t\t\t\t\t<div class=\"elementor-column elementor-col-100 elementor-top-column elementor-element elementor-element-6213fa5\" data-id=\"6213fa5\" data-element_type=\"column\" data-e-type=\"column\">\n\t\t\t<div class=\"elementor-widget-wrap elementor-element-populated\">\n\t\t\t\t\t\t<section class=\"elementor-section elementor-inner-section elementor-element elementor-element-9cc1ba4 elementor-section-boxed elementor-section-height-default elementor-section-height-default\" data-id=\"9cc1ba4\" data-element_type=\"section\" data-e-type=\"section\">\n\t\t\t\t\t\t<div class=\"elementor-container elementor-column-gap-default\">\n\t\t\t\t\t<div class=\"elementor-column elementor-col-50 elementor-inner-column elementor-element elementor-element-ece7b32\" data-id=\"ece7b32\" data-element_type=\"column\" data-e-type=\"column\">\n\t\t\t<div class=\"elementor-widget-wrap elementor-element-populated\">\n\t\t\t\t\t\t<div class=\"elementor-element elementor-element-4579320 elementor-widget elementor-widget-text-editor\" data-id=\"4579320\" data-element_type=\"widget\" data-e-type=\"widget\" data-widget_type=\"text-editor.default\">\n\t\t\t\t<div class=\"elementor-widget-container\">\n\t\t\t\t\t\t\t\t\t<h4><strong>Qualit\u00e4tsstandard:<\/strong><\/h4><h4>Unsere Rehabilitationssportangebote sind auf Grundlage des \u00a7 44 SGB IX sowie den\u00a0 Rahmenvereinbarungen \u00fcber Rehabilitationssportangebote\u00a0 anerkannt.<\/h4><h4>Der BSG Ratingen e.V. erf\u00fcllt damit die Qualit\u00e4tsstandards f\u00fcr die Durchf\u00fchrung von Rehabilitationssport und wird diese auch f\u00fcr die Zukunft sichern.<\/h4><h4>Alle Bewegungsangebote werden von speziell ausgebildeten SportlehrerInnen und \u00dcbungsleiterInnen durchgef\u00fchrt.<\/h4><p>\u00a0<\/p><h4><strong>Grunds\u00e4tzlich ist eine \u00e4rztliche Verordnung Voraussetzung f\u00fcr die Teilnahme.*<\/strong><\/h4><h4>\u00a0<\/h4>\t\t\t\t\t\t\t\t<\/div>\n\t\t\t\t<\/div>\n\t\t\t\t\t<\/div>\n\t\t<\/div>\n\t\t\t\t<div class=\"elementor-column elementor-col-50 elementor-inner-column elementor-element elementor-element-4f2f787\" data-id=\"4f2f787\" data-element_type=\"column\" data-e-type=\"column\">\n\t\t\t<div class=\"elementor-widget-wrap elementor-element-populated\">\n\t\t\t\t\t\t<div class=\"elementor-element elementor-element-68b2eb7 elementor-widget elementor-widget-text-editor\" data-id=\"68b2eb7\" data-element_type=\"widget\" data-e-type=\"widget\" data-widget_type=\"text-editor.default\">\n\t\t\t\t<div class=\"elementor-widget-container\">\n\t\t\t\t\t\t\t\t\t<h4><strong>Ihr Weg zu uns:<\/strong><\/h4><h4>Sie haben gesundheitliche Probleme und sind zum Beispiel in Ihrer Bewegung\u00a0 eingeschr\u00e4nkt. Dann haben wir mit unseren Rehasport-Angeboten vielleicht das Richtige f\u00fcr Sie.\u00a0<\/h4><h4>Doch zun\u00e4chst sollten Sie Ihren Arzt kontaktieren um zu ermitteln, was das Beste f\u00fcr Sie ist. Erhalten Sie eine Reha-Verordnung, k\u00f6nnen Sie sich mit dieser Verordnung bei uns melden, vielleicht durch einen Besuch in unserer Gesch\u00e4ftsstelle.<\/h4><h4>Gemeinsam mit unserem sportlichen Leiter k\u00f6nnen Sie -nach Verf\u00fcgbarkeit- ein geeignetes Rehasportangebot ausw\u00e4hlen, um im Rahmen des w\u00f6chentlichen Trainings Ihre Ausdauer, Koordination, Flexibilit\u00e4t, Kraft und\/oder Ihre psychische Leistungsf\u00e4higkeit zu st\u00e4rken.<\/h4><h4>Gibt es ein passendes Rehaangebot f\u00fcr Sie, muss der Leistungstr\u00e4ger (i.d.R. Ihre Krankenkasse) die Kosten\u00fcbernahme noch best\u00e4tigen.\u00a0<\/h4><h4>Diese nun vollst\u00e4ndige Rehaverordnung lassen Sie uns dann im Original zukommen.<\/h4><h4><strong>Wenn Sie bis hierhin gelesen haben &#8211; klasse! Jetzt ist es nicht mehr kompliziert. Kommen Sie einfach vorbei und lassen Sie sich beraten. Wir freuen uns auf Sie&#8230;<\/strong><\/h4>\t\t\t\t\t\t\t\t<\/div>\n\t\t\t\t<\/div>\n\t\t\t\t\t<\/div>\n\t\t<\/div>\n\t\t\t\t\t<\/div>\n\t\t<\/section>\n\t\t\t\t\t<\/div>\n\t\t<\/div>\n\t\t\t\t\t<\/div>\n\t\t<\/section>\n\t\t\t\t<section class=\"elementor-section elementor-top-section elementor-element elementor-element-7d8179c elementor-section-boxed elementor-section-height-default elementor-section-height-default\" data-id=\"7d8179c\" data-element_type=\"section\" data-e-type=\"section\">\n\t\t\t\t\t\t<div class=\"elementor-container elementor-column-gap-default\">\n\t\t\t\t\t<div class=\"elementor-column elementor-col-100 elementor-top-column elementor-element elementor-element-badf0dc\" data-id=\"badf0dc\" data-element_type=\"column\" data-e-type=\"column\">\n\t\t\t<div class=\"elementor-widget-wrap elementor-element-populated\">\n\t\t\t\t\t\t<section class=\"elementor-section elementor-inner-section elementor-element elementor-element-9b7f96b elementor-section-boxed elementor-section-height-default elementor-section-height-default\" data-id=\"9b7f96b\" data-element_type=\"section\" data-e-type=\"section\">\n\t\t\t\t\t\t<div class=\"elementor-container elementor-column-gap-default\">\n\t\t\t\t\t<div class=\"elementor-column elementor-col-100 elementor-inner-column elementor-element elementor-element-4acd0ad\" data-id=\"4acd0ad\" data-element_type=\"column\" data-e-type=\"column\">\n\t\t\t<div class=\"elementor-widget-wrap elementor-element-populated\">\n\t\t\t\t\t\t<div class=\"elementor-element elementor-element-56fa4af elementor-widget elementor-widget-text-editor\" data-id=\"56fa4af\" data-element_type=\"widget\" data-e-type=\"widget\" data-widget_type=\"text-editor.default\">\n\t\t\t\t<div class=\"elementor-widget-container\">\n\t\t\t\t\t\t\t\t\t<h4>*Was passiert jedoch, wenn Ihre Verordnung in K\u00fcrze ablaufen und Sie keine neue Verordnung erhalten sollten?\u00a0<\/h4><h4>Kein Grund zur Sorge!<\/h4><h4>Wenn Sie unser Rehasport-Angebot weiter nutzen wollen , ist eine weitere Teilnahme \u00fcber eine Vereinsmitgliedschaft m\u00f6glich.<\/h4><h4>Rufen Sie uns an oder besuchen Sie uns in unserer Gesch\u00e4ftsstelle.<\/h4>\t\t\t\t\t\t\t\t<\/div>\n\t\t\t\t<\/div>\n\t\t\t\t\t<\/div>\n\t\t<\/div>\n\t\t\t\t\t<\/div>\n\t\t<\/section>\n\t\t\t\t\t<\/div>\n\t\t<\/div>\n\t\t\t\t\t<\/div>\n\t\t<\/section>\n\t\t\t\t<\/div>\n\t\t","protected":false},"excerpt":{"rendered":"<p>Ihr Weg zu uns &#8211; ist gar nicht so schwer&#8230; Qualit\u00e4tsstandard: Unsere Rehabilitationssportangebote sind auf Grundlage des \u00a7 44 SGB IX sowie den\u00a0 Rahmenvereinbarungen \u00fcber Rehabilitationssportangebote\u00a0 anerkannt. Der BSG Ratingen e.V. erf\u00fcllt damit die Qualit\u00e4tsstandards f\u00fcr die Durchf\u00fchrung von Rehabilitationssport und wird diese auch f\u00fcr die Zukunft sichern. Alle Bewegungsangebote werden von speziell ausgebildeten SportlehrerInnen [&hellip;]<\/p>\n","protected":false},"author":4,"featured_media":0,"parent":12,"menu_order":0,"comment_status":"closed","ping_status":"closed","template":"elementor_header_footer","meta":{"footnotes":""},"class_list":["post-4116","page","type-page","status-publish","hentry"],"_links":{"self":[{"href":"https:\/\/bsg-ratingen.de\/index.php?rest_route=\/wp\/v2\/pages\/4116","targetHints":{"allow":["GET"]}}],"collection":[{"href":"https:\/\/bsg-ratingen.de\/index.php?rest_route=\/wp\/v2\/pages"}],"about":[{"href":"https:\/\/bsg-ratingen.de\/index.php?rest_route=\/wp\/v2\/types\/page"}],"author":[{"embeddable":true,"href":"https:\/\/bsg-ratingen.de\/index.php?rest_route=\/wp\/v2\/users\/4"}],"replies":[{"embeddable":true,"href":"https:\/\/bsg-ratingen.de\/index.php?rest_route=%2Fwp%2Fv2%2Fcomments&post=4116"}],"version-history":[{"count":10,"href":"https:\/\/bsg-ratingen.de\/index.php?rest_route=\/wp\/v2\/pages\/4116\/revisions"}],"predecessor-version":[{"id":4216,"href":"https:\/\/bsg-ratingen.de\/index.php?rest_route=\/wp\/v2\/pages\/4116\/revisions\/4216"}],"up":[{"embeddable":true,"href":"https:\/\/bsg-ratingen.de\/index.php?rest_route=\/wp\/v2\/pages\/12"}],"wp:attachment":[{"href":"https:\/\/bsg-ratingen.de\/index.php?rest_route=%2Fwp%2Fv2%2Fmedia&parent=4116"}],"curies":[{"name":"wp","href":"https:\/\/api.w.org\/{rel}","templated":true}]}}