{"id":8340,"date":"2026-04-12T15:57:36","date_gmt":"2026-04-12T15:57:36","guid":{"rendered":"https:\/\/bsg-ratingen.de\/?page_id=8340"},"modified":"2026-04-12T16:04:54","modified_gmt":"2026-04-12T16:04:54","slug":"bosseln","status":"publish","type":"page","link":"https:\/\/bsg-ratingen.de\/?page_id=8340","title":{"rendered":"Bosseln"},"content":{"rendered":"\t\t<div data-elementor-type=\"wp-page\" data-elementor-id=\"8340\" class=\"elementor elementor-8340\" data-elementor-post-type=\"page\">\n\t\t\t\t\t\t<section class=\"elementor-section elementor-top-section elementor-element elementor-element-b133fdf elementor-section-boxed elementor-section-height-default elementor-section-height-default\" data-id=\"b133fdf\" data-element_type=\"section\" data-e-type=\"section\">\n\t\t\t\t\t\t<div class=\"elementor-container elementor-column-gap-default\">\n\t\t\t\t\t<div class=\"elementor-column elementor-col-100 elementor-top-column elementor-element elementor-element-bd3bdb2\" data-id=\"bd3bdb2\" data-element_type=\"column\" data-e-type=\"column\">\n\t\t\t<div class=\"elementor-widget-wrap elementor-element-populated\">\n\t\t\t\t\t\t<div class=\"elementor-element elementor-element-ef7c7d5 elementor-widget elementor-widget-text-editor\" data-id=\"ef7c7d5\" data-element_type=\"widget\" data-e-type=\"widget\" data-widget_type=\"text-editor.default\">\n\t\t\t\t<div class=\"elementor-widget-container\">\n\t\t\t\t\t\t\t\t\t<h3><strong>Was ist eigentlich dieses &#8222;Bosseln&#8220;???<\/strong><\/h3>\t\t\t\t\t\t\t\t<\/div>\n\t\t\t\t<\/div>\n\t\t\t\t\t<\/div>\n\t\t<\/div>\n\t\t\t\t\t<\/div>\n\t\t<\/section>\n\t\t\t\t<section class=\"elementor-section elementor-top-section elementor-element elementor-element-8d70da2 elementor-section-boxed elementor-section-height-default elementor-section-height-default\" data-id=\"8d70da2\" data-element_type=\"section\" data-e-type=\"section\">\n\t\t\t\t\t\t<div class=\"elementor-container elementor-column-gap-default\">\n\t\t\t\t\t<div class=\"elementor-column elementor-col-100 elementor-top-column elementor-element elementor-element-e8b023d\" data-id=\"e8b023d\" data-element_type=\"column\" data-e-type=\"column\">\n\t\t\t<div class=\"elementor-widget-wrap elementor-element-populated\">\n\t\t\t\t\t\t<section class=\"elementor-section elementor-inner-section elementor-element elementor-element-5773c44 elementor-section-boxed elementor-section-height-default elementor-section-height-default\" data-id=\"5773c44\" data-element_type=\"section\" data-e-type=\"section\">\n\t\t\t\t\t\t<div class=\"elementor-container elementor-column-gap-default\">\n\t\t\t\t\t<div class=\"elementor-column elementor-col-50 elementor-inner-column elementor-element elementor-element-c79a930\" data-id=\"c79a930\" data-element_type=\"column\" data-e-type=\"column\">\n\t\t\t<div class=\"elementor-widget-wrap elementor-element-populated\">\n\t\t\t\t\t\t<div class=\"elementor-element elementor-element-c34206b elementor-widget elementor-widget-text-editor\" data-id=\"c34206b\" data-element_type=\"widget\" data-e-type=\"widget\" data-widget_type=\"text-editor.default\">\n\t\t\t\t<div class=\"elementor-widget-container\">\n\t\t\t\t\t\t\t\t\t<p>In aller K\u00fcrze:<\/p><h3><strong>Eisstockschie\u00dfen in der Halle!<\/strong><\/h3><p>Eine genauere Beschreibung folgt in K\u00fcrze&#8230;<\/p>\t\t\t\t\t\t\t\t<\/div>\n\t\t\t\t<\/div>\n\t\t\t\t\t<\/div>\n\t\t<\/div>\n\t\t\t\t<div class=\"elementor-column elementor-col-50 elementor-inner-column elementor-element elementor-element-2b4def7\" data-id=\"2b4def7\" data-element_type=\"column\" data-e-type=\"column\">\n\t\t\t<div class=\"elementor-widget-wrap\">\n\t\t\t\t\t\t\t<\/div>\n\t\t<\/div>\n\t\t\t\t\t<\/div>\n\t\t<\/section>\n\t\t\t\t\t<\/div>\n\t\t<\/div>\n\t\t\t\t\t<\/div>\n\t\t<\/section>\n\t\t\t\t<\/div>\n\t\t","protected":false},"excerpt":{"rendered":"<p>Was ist eigentlich dieses &#8222;Bosseln&#8220;??? In aller K\u00fcrze: Eisstockschie\u00dfen in der Halle! Eine genauere Beschreibung folgt in K\u00fcrze&#8230;<\/p>\n","protected":false},"author":4,"featured_media":0,"parent":0,"menu_order":0,"comment_status":"closed","ping_status":"closed","template":"","meta":{"footnotes":""},"class_list":["post-8340","page","type-page","status-publish","hentry"],"_links":{"self":[{"href":"https:\/\/bsg-ratingen.de\/index.php?rest_route=\/wp\/v2\/pages\/8340","targetHints":{"allow":["GET"]}}],"collection":[{"href":"https:\/\/bsg-ratingen.de\/index.php?rest_route=\/wp\/v2\/pages"}],"about":[{"href":"https:\/\/bsg-ratingen.de\/index.php?rest_route=\/wp\/v2\/types\/page"}],"author":[{"embeddable":true,"href":"https:\/\/bsg-ratingen.de\/index.php?rest_route=\/wp\/v2\/users\/4"}],"replies":[{"embeddable":true,"href":"https:\/\/bsg-ratingen.de\/index.php?rest_route=%2Fwp%2Fv2%2Fcomments&post=8340"}],"version-history":[{"count":7,"href":"https:\/\/bsg-ratingen.de\/index.php?rest_route=\/wp\/v2\/pages\/8340\/revisions"}],"predecessor-version":[{"id":8350,"href":"https:\/\/bsg-ratingen.de\/index.php?rest_route=\/wp\/v2\/pages\/8340\/revisions\/8350"}],"wp:attachment":[{"href":"https:\/\/bsg-ratingen.de\/index.php?rest_route=%2Fwp%2Fv2%2Fmedia&parent=8340"}],"curies":[{"name":"wp","href":"https:\/\/api.w.org\/{rel}","templated":true}]}}